{"id":2304,"date":"2023-12-15T13:32:53","date_gmt":"2023-12-15T12:32:53","guid":{"rendered":"https:\/\/haircode.no\/retur-av-varer\/"},"modified":"2024-01-15T17:25:12","modified_gmt":"2024-01-15T16:25:12","slug":"retur-av-varer","status":"publish","type":"page","link":"https:\/\/haircode.no\/en\/retur-av-varer\/","title":{"rendered":"Return policy"},"content":{"rendered":"\n<p>Skulle du ha behov for \u00e5 returnere kj\u00f8pet ditt, kan du gj\u00f8re det forutsatt:<\/p>\n\n<ul class=\"wp-block-list\">\n<li>produktet ble kj\u00f8pt i l\u00f8pet av de siste 14 dagene;<\/li>\n<\/ul>\n\n<ul class=\"wp-block-list\">\n<li>produktet er ikke p\u00e5f\u00f8rt, slitt, farget eller behandlet p\u00e5 noen m\u00e5te;<\/li>\n<\/ul>\n\n<ul class=\"wp-block-list\">\n<li>originalemballasjen og -etikettene er beholdt;<\/li>\n<\/ul>\n\n<ul class=\"wp-block-list\">\n<li>produktet anses som defekt av Slavic Hair Company innen 14 dager etter kj\u00f8pet.<\/li>\n<\/ul>\n\n<p>F\u00f8lg veiledningen nedenfor for \u00e5 returnere et produkt:<\/p>\n\n<p>Kontakt din kundeservicerepresentant og informer dem om problemet. Vi er tilgjengelige mandag til fredag kl. 08.00-16.00 CET, med unntak av helger og helligdager.<\/p>\n\n<p>Returner produktet sammen med originalemballasjen til Slavic Hair Company p\u00e5 f\u00f8lgende adresse:<\/p>\n\n<p>HAIRCODE AS<\/p>\n\n<p>Org. no. 932579839<\/p>\n\n<p>Sivert Gj\u00f8rtlers vei 10 7028 Trondheim<\/p>\n\n<p>Vennligst gi oss beskjed om pakkenes sporingsnummer.<\/p>\n\n<p>N\u00e5r vi har mottatt produktene, behandler vi returen og\/eller byttet i l\u00f8pet av 2-3 virkedager.<\/p>\n\n<p>V\u00e6r oppmerksom p\u00e5 dette:<\/p>\n\n<p>Produkter m\u00e5 byttes eller returneres innen 14 dager etter kj\u00f8pet &#8211; ingen unntak.<\/p>\n\n<p>Produktet m\u00e5 v\u00e6re i original stand og kunne selges p\u00e5 nytt.<\/p>\n\n<p>Hvis innholdet i den mottatte bestillingen ikke stemmer overens med fakturaen, m\u00e5 kunden informere sin salgssjef senest 3 dager etter at pakken er mottatt. Reklamasjoner som sendes inn etter denne fristen, vil ikke bli behandlet.<\/p>\n\n<p>Av hensyn til helse og sikkerhet kan vi ikke ta imot h\u00e5r som er farget, kjemisk behandlet, p\u00e5f\u00f8rt eller brukt p\u00e5 annen m\u00e5te. For \u00e5 unng\u00e5 potensielle problemer, ber vi deg unders\u00f8ke kj\u00f8pet grundig for eventuelle kvalitetsproblemer f\u00f8r bruk.<\/p>\n\n<p>&#8220;Slavic Hair&#8221; pakeis bet kokius gaminius su defektais per 14 dien\u0173 nuo \u012fsigijimo. Visi pakaitiniai gaminiai bus i\u0161si\u0173sti m\u016bs\u0173 s\u0105skaita, kitu atveju gr\u0105\u017einsime vis\u0105 gaminio kain\u0105.<\/p>\n\n<p>F\u00f8lgende betingelser m\u00e5 overholdes ved retur av varer:<\/p>\n\n<ul class=\"wp-block-list\">\n<li>det returnerte produktet m\u00e5 v\u00e6re i originalemballasjen og i god stand;<\/li>\n<\/ul>\n\n<ul class=\"wp-block-list\">\n<li>varene m\u00e5 v\u00e6re uskadet av kj\u00f8peren;<\/li>\n<\/ul>\n\n<ul class=\"wp-block-list\">\n<li>produktet m\u00e5 v\u00e6re ubrukt og i god stand (etiketter og beskyttelsesfilm intakt osv.);<\/li>\n<\/ul>\n\n<ul class=\"wp-block-list\">\n<li>varene som returneres m\u00e5 v\u00e6re av samme sammensetning som de kj\u00f8peren mottok &#8211; gavene som ble mottatt for kj\u00f8pet m\u00e5 ogs\u00e5 returneres;<\/li>\n<\/ul>\n\n<p>N\u00e5r du returnerer produktet, m\u00e5 du legge ved fakturaen eller en kopi av den.<\/p>\n\n<p>Hvis vilk\u00e5rene ovenfor er oppfylt, b\u00f8r du kontakte oss p\u00e5 info@haircode.no.<\/p>\n\n<p>N\u00e5r vi har mottatt foresp\u00f8rselen din, vil vi kontakte deg for \u00e5 avtale returdetaljer.<\/p>\n\n<p>Etter at du har ordnet returopplysningene, ber vi deg pakke produktet ordentlig for retur.<\/p>\n\n<p>N\u00e5r vi har mottatt varene og er overbevist om at de er ubrukte, refunderer vi pengene til kontoen din innen 3 dager.<\/p>\n\n<p>Hvis produktet du returnerer er \u00e5pnet, brukt eller produsentens emballasje er skadet, kan vi ikke gi deg refusjon eller erstatning.<\/p>\n","protected":false},"excerpt":{"rendered":"<p>Skulle du ha behov for \u00e5 returnere kj\u00f8pet ditt, kan du gj\u00f8re det forutsatt: F\u00f8lg veiledningen nedenfor for \u00e5 returnere et produkt: Kontakt din kundeservicerepresentant og informer dem om problemet. Vi er tilgjengelige mandag til fredag kl. 08.00-16.00 CET, med unntak av helger og helligdager. Returner produktet sammen med originalemballasjen til Slavic Hair Company p\u00e5 [&hellip;]<\/p>\n","protected":false},"author":1,"featured_media":0,"parent":0,"menu_order":0,"comment_status":"closed","ping_status":"closed","template":"","meta":{"footnotes":""},"class_list":["post-2304","page","type-page","status-publish","hentry"],"blocksy_meta":[],"_links":{"self":[{"href":"https:\/\/haircode.no\/en\/wp-json\/wp\/v2\/pages\/2304","targetHints":{"allow":["GET"]}}],"collection":[{"href":"https:\/\/haircode.no\/en\/wp-json\/wp\/v2\/pages"}],"about":[{"href":"https:\/\/haircode.no\/en\/wp-json\/wp\/v2\/types\/page"}],"author":[{"embeddable":true,"href":"https:\/\/haircode.no\/en\/wp-json\/wp\/v2\/users\/1"}],"replies":[{"embeddable":true,"href":"https:\/\/haircode.no\/en\/wp-json\/wp\/v2\/comments?post=2304"}],"version-history":[{"count":0,"href":"https:\/\/haircode.no\/en\/wp-json\/wp\/v2\/pages\/2304\/revisions"}],"wp:attachment":[{"href":"https:\/\/haircode.no\/en\/wp-json\/wp\/v2\/media?parent=2304"}],"curies":[{"name":"wp","href":"https:\/\/api.w.org\/{rel}","templated":true}]}}